{"id":457,"date":"2024-07-03T17:02:51","date_gmt":"2024-07-03T15:02:51","guid":{"rendered":"https:\/\/bodyicing.com\/?page_id=457"},"modified":"2025-10-21T22:27:00","modified_gmt":"2025-10-21T20:27:00","slug":"la-naissance-de-body-icing","status":"publish","type":"page","link":"https:\/\/bodyicing.com\/en\/la-naissance-de-body-icing\/","title":{"rendered":"The birth of Body Icing"},"content":{"rendered":"<div data-elementor-type=\"wp-page\" data-elementor-id=\"457\" class=\"elementor elementor-457\" data-elementor-post-type=\"page\">\n\t\t\t\t\t\t<section class=\"elementor-section elementor-top-section elementor-element elementor-element-bddda11 elementor-section-boxed elementor-section-height-default elementor-section-height-default\" data-id=\"bddda11\" data-element_type=\"section\" data-e-type=\"section\" data-settings=\"{&quot;background_background&quot;:&quot;classic&quot;}\">\n\t\t\t\t\t\t\t<div class=\"elementor-background-overlay\"><\/div>\n\t\t\t\t\t\t\t<div class=\"elementor-container elementor-column-gap-default\">\n\t\t\t\t\t<div class=\"elementor-column elementor-col-100 elementor-top-column elementor-element elementor-element-b12231a\" data-id=\"b12231a\" data-element_type=\"column\" data-e-type=\"column\">\n\t\t\t<div class=\"elementor-widget-wrap elementor-element-populated\">\n\t\t\t\t\t\t<div class=\"elementor-element elementor-element-5b8a730 elementor-widget elementor-widget-heading\" data-id=\"5b8a730\" data-element_type=\"widget\" data-e-type=\"widget\" data-widget_type=\"heading.default\">\n\t\t\t\t<div class=\"elementor-widget-container\">\n\t\t\t\t\t<h2 class=\"elementor-heading-title elementor-size-default\">The Birth of Body Icing<\/h2>\t\t\t\t<\/div>\n\t\t\t\t<\/div>\n\t\t\t\t\t<\/div>\n\t\t<\/div>\n\t\t\t\t\t<\/div>\n\t\t<\/section>\n\t\t\t\t<section class=\"elementor-section elementor-top-section elementor-element elementor-element-cc9db1f elementor-section-boxed elementor-section-height-default elementor-section-height-default\" data-id=\"cc9db1f\" data-element_type=\"section\" data-e-type=\"section\">\n\t\t\t\t\t\t<div class=\"elementor-container elementor-column-gap-default\">\n\t\t\t\t\t<div class=\"elementor-column elementor-col-100 elementor-top-column elementor-element elementor-element-6893bba\" data-id=\"6893bba\" data-element_type=\"column\" data-e-type=\"column\">\n\t\t\t<div class=\"elementor-widget-wrap elementor-element-populated\">\n\t\t\t\t\t\t<div class=\"elementor-element elementor-element-71237f3 elementor-widget elementor-widget-text-editor\" data-id=\"71237f3\" data-element_type=\"widget\" data-e-type=\"widget\" data-widget_type=\"text-editor.default\">\n\t\t\t\t<div class=\"elementor-widget-container\">\n\t\t\t\t\t\t\t\t\t<p>It was during the particular period of confinement due to COVID that the idea of creating a device came to me.<\/p><p>Around 3:30 a.m. during the month of April 2020, a dream suddenly woke me up and I wondered if I had gone crazy. Indeed, the dream I had just had was quite bizarre!<\/p><p>J\u2019ai commenc\u00e9 par faire le fameux g\u00e2teaux \u00ab quatre quarts \u00bb de ma grand-m\u00e8re avec son d\u00e9licieux gla\u00e7age au citron. C\u2019\u00e9tait un samedi en fin d\u2019apr\u00e8s-midi. Une amie est alors pass\u00e9e me voir pour discuter, cons\u00e9cutivement \u00e0 une chirurgie d\u2019augmentation mammaire. Contrairement \u00e0 ce que son chirurgien lui avait promis, elle ressentait une vive douleur lors de chaque mouvement sur tout le haut du corps.<\/p><p>It was at this very moment that I came up with the idea of using the lemon frosting from my grandmother&#039;s cake on top of her compression bra!<\/p><p>After a few moments, all his pain was gone. She was relaxed again, and could move without discomfort.<\/p><p>That&#039;s when I woke up with a start! After sitting on the edge of the bed for a long time, I decided that it wasn&#039;t a bad idea. I then went to check on the internet if such a device existed. After about 5 hours of fruitless research, I started to think that I had an interesting idea\u2026<\/p>\t\t\t\t\t\t\t\t<\/div>\n\t\t\t\t<\/div>\n\t\t\t\t\t<\/div>\n\t\t<\/div>\n\t\t\t\t\t<\/div>\n\t\t<\/section>\n\t\t\t\t<section class=\"elementor-section elementor-top-section elementor-element elementor-element-428d537 elementor-section-boxed elementor-section-height-default elementor-section-height-default\" data-id=\"428d537\" data-element_type=\"section\" data-e-type=\"section\" data-settings=\"{&quot;background_background&quot;:&quot;classic&quot;}\">\n\t\t\t\t\t\t<div class=\"elementor-container elementor-column-gap-default\">\n\t\t\t\t\t<div class=\"elementor-column elementor-col-50 elementor-top-column elementor-element elementor-element-5e97660\" data-id=\"5e97660\" data-element_type=\"column\" data-e-type=\"column\">\n\t\t\t<div class=\"elementor-widget-wrap elementor-element-populated\">\n\t\t\t\t\t\t<div class=\"elementor-element elementor-element-c750e10 elementor-widget elementor-widget-theme-site-logo elementor-widget-image\" data-id=\"c750e10\" data-element_type=\"widget\" data-e-type=\"widget\" data-widget_type=\"theme-site-logo.default\">\n\t\t\t\t<div class=\"elementor-widget-container\">\n\t\t\t\t\t\t\t\t\t\t\t<a href=\"https:\/\/bodyicing.com\/en\">\n\t\t\t<img fetchpriority=\"high\" decoding=\"async\" width=\"2560\" height=\"746\" src=\"https:\/\/bodyicing.com\/wp-content\/uploads\/2022\/11\/Logo-Body-Icing-sans-fond-scaled.png\" class=\"attachment-full size-full wp-image-14\" alt=\"\" srcset=\"https:\/\/bodyicing.com\/wp-content\/uploads\/2022\/11\/Logo-Body-Icing-sans-fond-scaled.png 2560w, https:\/\/bodyicing.com\/wp-content\/uploads\/2022\/11\/Logo-Body-Icing-sans-fond-scaled-300x87.png 300w, https:\/\/bodyicing.com\/wp-content\/uploads\/2022\/11\/Logo-Body-Icing-sans-fond-scaled-1024x298.png 1024w, https:\/\/bodyicing.com\/wp-content\/uploads\/2022\/11\/Logo-Body-Icing-sans-fond-scaled-768x224.png 768w, https:\/\/bodyicing.com\/wp-content\/uploads\/2022\/11\/Logo-Body-Icing-sans-fond-scaled-1536x448.png 1536w, https:\/\/bodyicing.com\/wp-content\/uploads\/2022\/11\/Logo-Body-Icing-sans-fond-scaled-2048x597.png 2048w, https:\/\/bodyicing.com\/wp-content\/uploads\/2022\/11\/Logo-Body-Icing-sans-fond-scaled-18x5.png 18w, https:\/\/bodyicing.com\/wp-content\/uploads\/2022\/11\/Logo-Body-Icing-sans-fond-scaled-600x175.png 600w\" sizes=\"(max-width: 2560px) 100vw, 2560px\" \/>\t\t\t\t<\/a>\n\t\t\t\t\t\t\t\t\t\t\t<\/div>\n\t\t\t\t<\/div>\n\t\t\t\t\t<\/div>\n\t\t<\/div>\n\t\t\t\t<div class=\"elementor-column elementor-col-50 elementor-top-column elementor-element elementor-element-40840c1\" data-id=\"40840c1\" data-element_type=\"column\" data-e-type=\"column\">\n\t\t\t<div class=\"elementor-widget-wrap elementor-element-populated\">\n\t\t\t\t\t\t<div class=\"elementor-element elementor-element-5547841 elementor-widget elementor-widget-text-editor\" data-id=\"5547841\" data-element_type=\"widget\" data-e-type=\"widget\" data-widget_type=\"text-editor.default\">\n\t\t\t\t<div class=\"elementor-widget-container\">\n\t\t\t\t\t\t\t\t\t<p>In the days that followed, I spoke about it with a head of the plastic, aesthetic and reconstructive surgery department. He strongly advised me to explore my idea and offered to support me on this project.<\/p><p>So, confident and eager to turn my dream into reality, with the aim of helping women get rid of their post-operative pain, I contacted the CEO of a leading post-operative cryotherapy device company in orthopedics.<\/p>\t\t\t\t\t\t\t\t<\/div>\n\t\t\t\t<\/div>\n\t\t\t\t\t<\/div>\n\t\t<\/div>\n\t\t\t\t\t<\/div>\n\t\t<\/section>\n\t\t\t\t<section class=\"elementor-section elementor-top-section elementor-element elementor-element-3507f85 elementor-section-boxed elementor-section-height-default elementor-section-height-default\" data-id=\"3507f85\" data-element_type=\"section\" data-e-type=\"section\">\n\t\t\t\t\t\t<div class=\"elementor-container elementor-column-gap-default\">\n\t\t\t\t\t<div class=\"elementor-column elementor-col-100 elementor-top-column elementor-element elementor-element-db75b5b\" data-id=\"db75b5b\" data-element_type=\"column\" data-e-type=\"column\">\n\t\t\t<div class=\"elementor-widget-wrap elementor-element-populated\">\n\t\t\t\t\t\t<div class=\"elementor-element elementor-element-47c465e elementor-widget elementor-widget-text-editor\" data-id=\"47c465e\" data-element_type=\"widget\" data-e-type=\"widget\" data-widget_type=\"text-editor.default\">\n\t\t\t\t<div class=\"elementor-widget-container\">\n\t\t\t\t\t\t\t\t\t<p>After several months of R&amp;D followed by numerous trials throughout France, the BREAST ICING Cryotherapy Box was finally marketed.<\/p><p>This is the story of the creation of the BODY ICING company.<\/p>\t\t\t\t\t\t\t\t<\/div>\n\t\t\t\t<\/div>\n\t\t\t\t\t<\/div>\n\t\t<\/div>\n\t\t\t\t\t<\/div>\n\t\t<\/section>\n\t\t\t\t<\/div>","protected":false},"excerpt":{"rendered":"<p>La Naissance de Body Icing C\u2019est pendant la p\u00e9riode particuli\u00e8re de confinement due au COVID, que m\u2019est venue l\u2019id\u00e9e de cr\u00e9er un dispositif . Vers 3h30 du matin, durant le mois d\u2019avril 2020, un r\u00eave m\u2019a subitement r\u00e9veill\u00e9 et je me suis demand\u00e9 si je n\u2019\u00e9tais pas devenu fou. En effet, le r\u00eave que je [&hellip;]<\/p>\n","protected":false},"author":1,"featured_media":0,"parent":0,"menu_order":0,"comment_status":"closed","ping_status":"closed","template":"","meta":{"site-sidebar-layout":"no-sidebar","site-content-layout":"page-builder","ast-site-content-layout":"default","site-content-style":"default","site-sidebar-style":"default","ast-global-header-display":"","ast-banner-title-visibility":"","ast-main-header-display":"","ast-hfb-above-header-display":"","ast-hfb-below-header-display":"","ast-hfb-mobile-header-display":"","site-post-title":"disabled","ast-breadcrumbs-content":"","ast-featured-img":"disabled","footer-sml-layout":"","ast-disable-related-posts":"","theme-transparent-header-meta":"","adv-header-id-meta":"","stick-header-meta":"","header-above-stick-meta":"","header-main-stick-meta":"","header-below-stick-meta":"","astra-migrate-meta-layouts":"default","ast-page-background-enabled":"default","ast-page-background-meta":{"desktop":{"background-color":"var(--ast-global-color-4)","background-image":"","background-repeat":"repeat","background-position":"center center","background-size":"auto","background-attachment":"scroll","background-type":"","background-media":"","overlay-type":"","overlay-color":"","overlay-opacity":"","overlay-gradient":""},"tablet":{"background-color":"","background-image":"","background-repeat":"repeat","background-position":"center center","background-size":"auto","background-attachment":"scroll","background-type":"","background-media":"","overlay-type":"","overlay-color":"","overlay-opacity":"","overlay-gradient":""},"mobile":{"background-color":"","background-image":"","background-repeat":"repeat","background-position":"center center","background-size":"auto","background-attachment":"scroll","background-type":"","background-media":"","overlay-type":"","overlay-color":"","overlay-opacity":"","overlay-gradient":""}},"ast-content-background-meta":{"desktop":{"background-color":"var(--ast-global-color-5)","background-image":"","background-repeat":"repeat","background-position":"center center","background-size":"auto","background-attachment":"scroll","background-type":"","background-media":"","overlay-type":"","overlay-color":"","overlay-opacity":"","overlay-gradient":""},"tablet":{"background-color":"var(--ast-global-color-5)","background-image":"","background-repeat":"repeat","background-position":"center center","background-size":"auto","background-attachment":"scroll","background-type":"","background-media":"","overlay-type":"","overlay-color":"","overlay-opacity":"","overlay-gradient":""},"mobile":{"background-color":"var(--ast-global-color-5)","background-image":"","background-repeat":"repeat","background-position":"center center","background-size":"auto","background-attachment":"scroll","background-type":"","background-media":"","overlay-type":"","overlay-color":"","overlay-opacity":"","overlay-gradient":""}},"footnotes":""},"class_list":["post-457","page","type-page","status-publish","hentry"],"_links":{"self":[{"href":"https:\/\/bodyicing.com\/en\/wp-json\/wp\/v2\/pages\/457","targetHints":{"allow":["GET"]}}],"collection":[{"href":"https:\/\/bodyicing.com\/en\/wp-json\/wp\/v2\/pages"}],"about":[{"href":"https:\/\/bodyicing.com\/en\/wp-json\/wp\/v2\/types\/page"}],"author":[{"embeddable":true,"href":"https:\/\/bodyicing.com\/en\/wp-json\/wp\/v2\/users\/1"}],"replies":[{"embeddable":true,"href":"https:\/\/bodyicing.com\/en\/wp-json\/wp\/v2\/comments?post=457"}],"version-history":[{"count":22,"href":"https:\/\/bodyicing.com\/en\/wp-json\/wp\/v2\/pages\/457\/revisions"}],"predecessor-version":[{"id":2317,"href":"https:\/\/bodyicing.com\/en\/wp-json\/wp\/v2\/pages\/457\/revisions\/2317"}],"wp:attachment":[{"href":"https:\/\/bodyicing.com\/en\/wp-json\/wp\/v2\/media?parent=457"}],"curies":[{"name":"wp","href":"https:\/\/api.w.org\/{rel}","templated":true}]}}