{"id":2521,"date":"2026-01-18T15:40:02","date_gmt":"2026-01-18T14:40:02","guid":{"rendered":"https:\/\/bodyicing.com\/?page_id=2521"},"modified":"2026-01-18T15:40:02","modified_gmt":"2026-01-18T14:40:02","slug":"conditions-generales-de-vente-cgv","status":"publish","type":"page","link":"https:\/\/bodyicing.com\/en\/conditions-generales-de-vente-cgv\/","title":{"rendered":"Conditions G\u00e9n\u00e9rales de Vente (CGV)"},"content":{"rendered":"<div data-elementor-type=\"wp-page\" data-elementor-id=\"2521\" class=\"elementor elementor-2521\" data-elementor-post-type=\"page\">\n\t\t\t\t\t\t<section class=\"elementor-section elementor-top-section elementor-element elementor-element-280350c elementor-section-boxed elementor-section-height-default elementor-section-height-default\" data-id=\"280350c\" data-element_type=\"section\" data-e-type=\"section\" data-settings=\"{&quot;background_background&quot;:&quot;classic&quot;}\">\n\t\t\t\t\t\t\t<div class=\"elementor-background-overlay\"><\/div>\n\t\t\t\t\t\t\t<div class=\"elementor-container elementor-column-gap-default\">\n\t\t\t\t\t<div class=\"elementor-column elementor-col-100 elementor-top-column elementor-element elementor-element-e7f6bad\" data-id=\"e7f6bad\" data-element_type=\"column\" data-e-type=\"column\">\n\t\t\t<div class=\"elementor-widget-wrap elementor-element-populated\">\n\t\t\t\t\t\t<div class=\"elementor-element elementor-element-039dc6e elementor-widget elementor-widget-heading\" data-id=\"039dc6e\" data-element_type=\"widget\" data-e-type=\"widget\" data-widget_type=\"heading.default\">\n\t\t\t\t<div class=\"elementor-widget-container\">\n\t\t\t\t\t<h2 class=\"elementor-heading-title elementor-size-default\">Conditions G\u00e9n\u00e9rales de Vente (CGV)<\/h2>\t\t\t\t<\/div>\n\t\t\t\t<\/div>\n\t\t\t\t\t<\/div>\n\t\t<\/div>\n\t\t\t\t\t<\/div>\n\t\t<\/section>\n\t\t\t\t<section class=\"elementor-section elementor-top-section elementor-element elementor-element-a8345a5 elementor-section-boxed elementor-section-height-default elementor-section-height-default\" data-id=\"a8345a5\" data-element_type=\"section\" data-e-type=\"section\">\n\t\t\t\t\t\t<div class=\"elementor-container elementor-column-gap-default\">\n\t\t\t\t\t<div class=\"elementor-column elementor-col-100 elementor-top-column elementor-element elementor-element-0ae141b\" data-id=\"0ae141b\" data-element_type=\"column\" data-e-type=\"column\">\n\t\t\t<div class=\"elementor-widget-wrap elementor-element-populated\">\n\t\t\t\t\t\t<div class=\"elementor-element elementor-element-6f78ecc elementor-widget elementor-widget-text-editor\" data-id=\"6f78ecc\" data-element_type=\"widget\" data-e-type=\"widget\" data-widget_type=\"text-editor.default\">\n\t\t\t\t<div class=\"elementor-widget-container\">\n\t\t\t\t\t\t\t\t\t<h3 data-start=\"449\" data-end=\"473\">1. \u00c9diteur du site<\/h3><p data-start=\"474\" data-end=\"524\">Le site <em data-start=\"482\" data-end=\"497\">bodyicing.com<\/em> est \u00e9dit\u00e9 par la soci\u00e9t\u00e9 :<\/p><p data-start=\"526\" data-end=\"803\"><strong data-start=\"526\" data-end=\"540\">BODY ICING<\/strong><br data-start=\"540\" data-end=\"543\" \/>SAS au capital de <strong data-start=\"561\" data-end=\"573\">30 000 \u20ac<\/strong><br data-start=\"573\" data-end=\"576\" \/>Si\u00e8ge social : <strong data-start=\"591\" data-end=\"645\">27 Rue Jacques Lemercier, 78000 Versailles, France<\/strong><br data-start=\"645\" data-end=\"648\" \/>Immatricul\u00e9e au Registre du Commerce et des Soci\u00e9t\u00e9s de Versailles sous le num\u00e9ro <strong data-start=\"730\" data-end=\"745\">922 406 681<\/strong><br data-start=\"745\" data-end=\"748\" \/>Num\u00e9ro de TVA intracommunautaire : <strong data-start=\"783\" data-end=\"801\">FR78 922406681<\/strong><\/p><p data-start=\"805\" data-end=\"984\">Directeur de la publication : <strong data-start=\"835\" data-end=\"858\">Jean-Charles Brenek<\/strong><br data-start=\"858\" data-end=\"861\" \/>Adresse email de contact : <strong data-start=\"888\" data-end=\"913\"><a class=\"decorated-link cursor-pointer\" rel=\"noopener\" data-start=\"890\" data-end=\"911\">contact@bodyicing.com<\/a><\/strong><br data-start=\"913\" data-end=\"916\" \/>Num\u00e9ro de t\u00e9l\u00e9phone : <strong data-start=\"938\" data-end=\"954\">0801 790 000<\/strong> (num\u00e9ro vert \u2013 appel gratuit)<\/p><hr data-start=\"986\" data-end=\"989\" \/><h3 data-start=\"991\" data-end=\"1009\">2. H\u00e9bergeur<\/h3><p data-start=\"1010\" data-end=\"1035\">Le site est h\u00e9berg\u00e9 par :<\/p><p data-start=\"1037\" data-end=\"1185\"><strong data-start=\"1037\" data-end=\"1048\">OVH SAS<\/strong><br data-start=\"1048\" data-end=\"1051\" \/>Si\u00e8ge social : <strong data-start=\"1066\" data-end=\"1111\">2 rue Kellermann \u2013 59100 Roubaix \u2013 France<\/strong><br data-start=\"1111\" data-end=\"1114\" \/>T\u00e9l\u00e9phone : <strong data-start=\"1126\" data-end=\"1147\">+33 1 41 79 80 00<\/strong><\/p><hr data-start=\"1187\" data-end=\"1190\" \/><h3 data-start=\"1192\" data-end=\"1225\">3. Propri\u00e9t\u00e9 intellectuelle<\/h3><p data-start=\"1226\" data-end=\"1731\">L&rsquo;ensemble des contenus pr\u00e9sents sur le site <em data-start=\"1271\" data-end=\"1286\">bodyicing.com<\/em> (textes, images, vid\u00e9os, graphismes, logos, ic\u00f4nes, bases de donn\u00e9es, etc.) sont la propri\u00e9t\u00e9 exclusive de BODY ICING ou font l\u2019objet d\u2019une autorisation d\u2019utilisation par leurs propri\u00e9taires respectifs.<br data-start=\"1489\" data-end=\"1492\" \/>Toute reproduction, repr\u00e9sentation, modification, publication, transmission ou d\u00e9naturation, totale ou partielle, du site ou de son contenu, par quelque proc\u00e9d\u00e9 que ce soit, est interdite sans l\u2019autorisation \u00e9crite pr\u00e9alable de BODY ICING.<\/p><hr data-start=\"1733\" data-end=\"1736\" \/><h3 data-start=\"1738\" data-end=\"1767\">4. Donn\u00e9es personnelles<\/h3><p data-start=\"1768\" data-end=\"2258\">Les donn\u00e9es personnelles collect\u00e9es sur <em data-start=\"1808\" data-end=\"1823\">bodyicing.com<\/em> sont n\u00e9cessaires pour le traitement des commandes, la gestion des comptes utilisateurs, et l\u2019am\u00e9lioration des services. Elles sont trait\u00e9es conform\u00e9ment \u00e0 la r\u00e9glementation fran\u00e7aise et europ\u00e9enne en vigueur (RGPD).<br data-start=\"2039\" data-end=\"2042\" \/>Les utilisateurs disposent d\u2019un droit d\u2019acc\u00e8s, de rectification, d\u2019opposition, de suppression et de portabilit\u00e9 de leurs donn\u00e9es, qu\u2019ils peuvent exercer en contactant BODY ICING \u00e0 l\u2019adresse <strong data-start=\"2232\" data-end=\"2257\"><a class=\"decorated-link cursor-pointer\" rel=\"noopener\" data-start=\"2234\" data-end=\"2255\">contact@bodyicing.com<\/a><\/strong>.<\/p><hr data-start=\"2260\" data-end=\"2263\" \/><h3 data-start=\"2265\" data-end=\"2281\">5. Cookies<\/h3><p data-start=\"2282\" data-end=\"2534\">Le site <em data-start=\"2290\" data-end=\"2305\">bodyicing.com<\/em> utilise des cookies pour faciliter la navigation, r\u00e9aliser des statistiques et optimiser l\u2019exp\u00e9rience utilisateur. Lors de la premi\u00e8re visite, un bandeau d\u2019information permet \u00e0 l\u2019utilisateur d\u2019accepter ou de refuser ces cookies.<\/p><hr data-start=\"2536\" data-end=\"2539\" \/><h3 data-start=\"2541\" data-end=\"2564\">6. Responsabilit\u00e9<\/h3><p data-start=\"2565\" data-end=\"2968\">BODY ICING met en \u0153uvre tous les moyens raisonnables pour assurer une information fiable et v\u00e9rifi\u00e9e sur son site, mais ne peut garantir l\u2019exactitude, la pr\u00e9cision ou l\u2019exhaustivit\u00e9 des informations mises \u00e0 disposition.<br data-start=\"2784\" data-end=\"2787\" \/>BODY ICING d\u00e9cline toute responsabilit\u00e9 pour tout dommage direct ou indirect r\u00e9sultant de l\u2019acc\u00e8s ou de l\u2019utilisation du site ou de tout site qui lui est li\u00e9 par un lien hypertexte.<\/p><hr data-start=\"2970\" data-end=\"2973\" \/><h3 data-start=\"2975\" data-end=\"3015\">7. Droit applicable et juridiction<\/h3><p data-start=\"3016\" data-end=\"3222\">Les pr\u00e9sentes mentions l\u00e9gales sont r\u00e9gies et interpr\u00e9t\u00e9es conform\u00e9ment au droit fran\u00e7ais.<br data-start=\"3106\" data-end=\"3109\" \/>En cas de litige, et \u00e0 d\u00e9faut d\u2019accord amiable entre les parties, les tribunaux fran\u00e7ais seront seuls comp\u00e9tents.<\/p>\t\t\t\t\t\t\t\t<\/div>\n\t\t\t\t<\/div>\n\t\t\t\t\t<\/div>\n\t\t<\/div>\n\t\t\t\t\t<\/div>\n\t\t<\/section>\n\t\t\t\t<\/div>","protected":false},"excerpt":{"rendered":"<p>1. \u00c9diteur du site Le site bodyicing.com est \u00e9dit\u00e9 par la soci\u00e9t\u00e9 : BODY ICINGSAS au capital de 30 000 \u20acSi\u00e8ge social : 27 Rue Jacques Lemercier, 78000 Versailles, FranceImmatricul\u00e9e au Registre du Commerce et des Soci\u00e9t\u00e9s de Versailles sous le num\u00e9ro 922 406 681Num\u00e9ro de TVA intracommunautaire : FR78 922406681 Directeur de la publication [&hellip;]<\/p>\n","protected":false},"author":1,"featured_media":0,"parent":0,"menu_order":0,"comment_status":"closed","ping_status":"closed","template":"","meta":{"site-sidebar-layout":"no-sidebar","site-content-layout":"page-builder","ast-site-content-layout":"full-width-container","site-content-style":"default","site-sidebar-style":"default","ast-global-header-display":"","ast-banner-title-visibility":"","ast-main-header-display":"","ast-hfb-above-header-display":"","ast-hfb-below-header-display":"","ast-hfb-mobile-header-display":"","site-post-title":"","ast-breadcrumbs-content":"","ast-featured-img":"disabled","footer-sml-layout":"","ast-disable-related-posts":"","theme-transparent-header-meta":"","adv-header-id-meta":"","stick-header-meta":"","header-above-stick-meta":"","header-main-stick-meta":"","header-below-stick-meta":"","astra-migrate-meta-layouts":"set","ast-page-background-enabled":"default","ast-page-background-meta":{"desktop":{"background-color":"var(--ast-global-color-4)","background-image":"","background-repeat":"repeat","background-position":"center center","background-size":"auto","background-attachment":"scroll","background-type":"","background-media":"","overlay-type":"","overlay-color":"","overlay-opacity":"","overlay-gradient":""},"tablet":{"background-color":"","background-image":"","background-repeat":"repeat","background-position":"center center","background-size":"auto","background-attachment":"scroll","background-type":"","background-media":"","overlay-type":"","overlay-color":"","overlay-opacity":"","overlay-gradient":""},"mobile":{"background-color":"","background-image":"","background-repeat":"repeat","background-position":"center center","background-size":"auto","background-attachment":"scroll","background-type":"","background-media":"","overlay-type":"","overlay-color":"","overlay-opacity":"","overlay-gradient":""}},"ast-content-background-meta":{"desktop":{"background-color":"var(--ast-global-color-5)","background-image":"","background-repeat":"repeat","background-position":"center center","background-size":"auto","background-attachment":"scroll","background-type":"","background-media":"","overlay-type":"","overlay-color":"","overlay-opacity":"","overlay-gradient":""},"tablet":{"background-color":"var(--ast-global-color-5)","background-image":"","background-repeat":"repeat","background-position":"center center","background-size":"auto","background-attachment":"scroll","background-type":"","background-media":"","overlay-type":"","overlay-color":"","overlay-opacity":"","overlay-gradient":""},"mobile":{"background-color":"var(--ast-global-color-5)","background-image":"","background-repeat":"repeat","background-position":"center center","background-size":"auto","background-attachment":"scroll","background-type":"","background-media":"","overlay-type":"","overlay-color":"","overlay-opacity":"","overlay-gradient":""}},"footnotes":""},"class_list":["post-2521","page","type-page","status-publish","hentry"],"_links":{"self":[{"href":"https:\/\/bodyicing.com\/en\/wp-json\/wp\/v2\/pages\/2521","targetHints":{"allow":["GET"]}}],"collection":[{"href":"https:\/\/bodyicing.com\/en\/wp-json\/wp\/v2\/pages"}],"about":[{"href":"https:\/\/bodyicing.com\/en\/wp-json\/wp\/v2\/types\/page"}],"author":[{"embeddable":true,"href":"https:\/\/bodyicing.com\/en\/wp-json\/wp\/v2\/users\/1"}],"replies":[{"embeddable":true,"href":"https:\/\/bodyicing.com\/en\/wp-json\/wp\/v2\/comments?post=2521"}],"version-history":[{"count":4,"href":"https:\/\/bodyicing.com\/en\/wp-json\/wp\/v2\/pages\/2521\/revisions"}],"predecessor-version":[{"id":2528,"href":"https:\/\/bodyicing.com\/en\/wp-json\/wp\/v2\/pages\/2521\/revisions\/2528"}],"wp:attachment":[{"href":"https:\/\/bodyicing.com\/en\/wp-json\/wp\/v2\/media?parent=2521"}],"curies":[{"name":"wp","href":"https:\/\/api.w.org\/{rel}","templated":true}]}}